{"id":6104,"date":"2024-03-02T12:34:26","date_gmt":"2024-03-02T16:34:26","guid":{"rendered":"https:\/\/certv.gob.do\/portal-transparencia\/?page_id=6104"},"modified":"2024-08-21T12:19:05","modified_gmt":"2024-08-21T16:19:05","slug":"derechos-de-los-ciudadanos-de-acceder-a-la-informacion-publica-2","status":"publish","type":"page","link":"https:\/\/certv.gob.do\/portal-transparencia\/derechos-de-los-ciudadanos-de-acceder-a-la-informacion-publica-2\/","title":{"rendered":"Derechos de los Ciudadanos de Acceder a la Informaci\u00f3n P\u00fablica"},"content":{"rendered":"\t\t<div data-elementor-type=\"wp-page\" data-elementor-id=\"6104\" class=\"elementor elementor-6104\" data-elementor-post-type=\"page\">\n\t\t\t\t\t\t<section class=\"ob-is-breaking-bad elementor-section elementor-top-section elementor-element elementor-element-03ee27e elementor-section-boxed elementor-section-height-default elementor-section-height-default\" data-id=\"03ee27e\" data-element_type=\"section\" data-settings=\"{&quot;_ob_bbad_use_it&quot;:&quot;yes&quot;,&quot;_ob_bbad_sssic_use&quot;:&quot;no&quot;,&quot;_ob_glider_is_slider&quot;:&quot;no&quot;}\">\n\t\t\t\t\t\t<div class=\"elementor-container elementor-column-gap-default\">\n\t\t\t\t\t<div class=\"elementor-column elementor-col-100 elementor-top-column elementor-element elementor-element-55731da\" data-id=\"55731da\" data-element_type=\"column\" data-settings=\"{&quot;_ob_bbad_is_stalker&quot;:&quot;no&quot;,&quot;_ob_teleporter_use&quot;:false,&quot;_ob_column_hoveranimator&quot;:&quot;no&quot;,&quot;_ob_column_has_pseudo&quot;:&quot;no&quot;}\">\n\t\t\t<div class=\"elementor-widget-wrap elementor-element-populated\">\n\t\t\t\t\t\t<div class=\"elementor-element elementor-element-26fea9f ob-has-background-overlay elementor-widget elementor-widget-image\" data-id=\"26fea9f\" data-element_type=\"widget\" data-settings=\"{&quot;_ob_photomorph_use&quot;:&quot;no&quot;,&quot;_ob_perspektive_use&quot;:&quot;no&quot;,&quot;_ob_poopart_use&quot;:&quot;yes&quot;,&quot;_ob_shadough_use&quot;:&quot;no&quot;,&quot;_ob_allow_hoveranimator&quot;:&quot;no&quot;,&quot;_ob_widget_stalker_use&quot;:&quot;no&quot;}\" data-widget_type=\"image.default\">\n\t\t\t\t<div class=\"elementor-widget-container\">\n\t\t\t<style>\/*! elementor - v3.20.0 - 26-03-2024 *\/\n.elementor-widget-image{text-align:center}.elementor-widget-image a{display:inline-block}.elementor-widget-image a img[src$=\".svg\"]{width:48px}.elementor-widget-image img{vertical-align:middle;display:inline-block}<\/style>\t\t\t\t\t\t\t\t\t\t<img fetchpriority=\"high\" decoding=\"async\" width=\"800\" height=\"264\" src=\"https:\/\/certv.gob.do\/portal-transparencia\/wp-content\/uploads\/2023\/08\/Captura-de-pantalla-2023-08-11-114905.png\" class=\"attachment-large size-large wp-image-141\" alt=\"\" srcset=\"https:\/\/certv.gob.do\/portal-transparencia\/wp-content\/uploads\/2023\/08\/Captura-de-pantalla-2023-08-11-114905.png 901w, https:\/\/certv.gob.do\/portal-transparencia\/wp-content\/uploads\/2023\/08\/Captura-de-pantalla-2023-08-11-114905-300x99.png 300w, https:\/\/certv.gob.do\/portal-transparencia\/wp-content\/uploads\/2023\/08\/Captura-de-pantalla-2023-08-11-114905-768x253.png 768w\" sizes=\"(max-width: 800px) 100vw, 800px\" \/>\t\t\t\t\t\t\t\t\t\t\t\t\t<\/div>\n\t\t\t\t<\/div>\n\t\t\t\t<div class=\"elementor-element elementor-element-1a78ad9 elementor-hidden-desktop elementor-hidden-tablet elementor-hidden-mobile ob-harakiri-inherit ob-has-background-overlay elementor-widget elementor-widget-text-editor\" data-id=\"1a78ad9\" data-element_type=\"widget\" data-settings=\"{&quot;_ob_use_harakiri&quot;:&quot;yes&quot;,&quot;_ob_harakiri_writing_mode&quot;:&quot;inherit&quot;,&quot;_ob_postman_use&quot;:&quot;no&quot;,&quot;_ob_perspektive_use&quot;:&quot;no&quot;,&quot;_ob_poopart_use&quot;:&quot;yes&quot;,&quot;_ob_shadough_use&quot;:&quot;no&quot;,&quot;_ob_allow_hoveranimator&quot;:&quot;no&quot;,&quot;_ob_widget_stalker_use&quot;:&quot;no&quot;}\" data-widget_type=\"text-editor.default\">\n\t\t\t\t<div class=\"elementor-widget-container\">\n\t\t\t<style>\/*! elementor - v3.20.0 - 26-03-2024 *\/\n.elementor-widget-text-editor.elementor-drop-cap-view-stacked .elementor-drop-cap{background-color:#69727d;color:#fff}.elementor-widget-text-editor.elementor-drop-cap-view-framed .elementor-drop-cap{color:#69727d;border:3px solid;background-color:transparent}.elementor-widget-text-editor:not(.elementor-drop-cap-view-default) .elementor-drop-cap{margin-top:8px}.elementor-widget-text-editor:not(.elementor-drop-cap-view-default) .elementor-drop-cap-letter{width:1em;height:1em}.elementor-widget-text-editor .elementor-drop-cap{float:left;text-align:center;line-height:1;font-size:50px}.elementor-widget-text-editor .elementor-drop-cap-letter{display:inline-block}<\/style>\t\t\t\t<p><strong>Todo ciudadano(a) tiene derecho a:<\/strong><\/p><ul><li><strong>SOLICITAR<\/strong>\u00a0informaci\u00f3n de cualquier \u00f3rgano del Estado Dominicano y de todas las sociedades an\u00f3nimas, compa\u00f1\u00edas an\u00f3nimas o compa\u00f1\u00edas por acciones con participaci\u00f3n estatal.<\/li><li><strong>RECIBIR<\/strong>\u00a0informaci\u00f3n completa, veraz, adecuada y oportuna de cualquier \u00f3rgano del Estado Dominicano y de todas las sociedades an\u00f3nimas, compa\u00f1\u00edas an\u00f3nimas o compa\u00f1\u00edas por acciones con participaci\u00f3n estatal.<\/li><li><strong>ACCESO<\/strong>\u00a0gratuito a la informaci\u00f3n en tanto que no requiera reproducci\u00f3n de la misma.<\/li><li><strong>SOLICITAR<\/strong>, RECIBIR y DIFUNDIR informaciones pertenecientes a la administraci\u00f3n del Estado.<\/li><li><strong>CONOCER<\/strong>\u00a0los proyectos de reglamentos y otras disposiciones de car\u00e1cter general que rigen las relaciones entre los particulares y la administraci\u00f3n.<\/li><li><strong>OBTENER<\/strong>\u00a0informaci\u00f3n sobre los servicios que ofrece el Estado, requisitos, costos.<\/li><li><strong>SABER<\/strong>\u00a0la estructura, integrantes, normativas de funcionamiento, proyectos, informes de gesti\u00f3n, y bases de datos de la administraci\u00f3n p\u00fablica.<\/li><li><strong>CONOCER<\/strong>\u00a0sobre los presupuestos y c\u00e1lculos de recursos y gastos aprobados, su evoluci\u00f3n y estado de ejecuci\u00f3n.<\/li><li><strong>TENER<\/strong>\u00a0informaci\u00f3n sobre los programas y proyectos, sus presupuestos, plazos, ejecuci\u00f3n y supervisi\u00f3n.<\/li><li><strong>ESTAR AL TANTO<\/strong>\u00a0sobre las licitaciones, concursos, compras, gastos y resultados.<\/li><li><strong>ACCEDER<\/strong>\u00a0a la n\u00f3mina del Estado y sus remuneraciones.<\/li><li><strong>CONOCER<\/strong>\u00a0la declaraci\u00f3n jurada patrimonial de los funcionarios del Estado cuando su presentaci\u00f3n corresponda por ley.<\/li><li><strong>RECIBIR<\/strong>\u00a0informaci\u00f3n sobre el listado de beneficiarios de programas asistenciales, subsidios, becas, jubilaciones, pensiones y retiros.<\/li><li><strong>SABER<\/strong>\u00a0sobre el estado de cuentas de la deuda p\u00fablica, sus vencimientos y pagos.<\/li><li><strong>BUSCAR<\/strong>\u00a0las leyes, decretos, resoluciones, disposiciones, marcos regulatorios y cualquier tipo de normativa.<\/li><li><strong>SOLICITAR Y RECIBIR<\/strong>\u00a0oportunamente cualquier tipo de documentaci\u00f3n financiera relativa al presupuesto p\u00fablico.<br \/><br \/><\/li><\/ul><p>En cumplimiento a la Ley 200-04 y el Decreto 130-05, el acceso a la informaci\u00f3n se har\u00e1 efectivo siempre y cuando no afecte la seguridad nacional, el orden p\u00fablico, la salud o la moral p\u00fablica o el derecho a la privacidad e intimidad de un tercero o el derecho a la reputaci\u00f3n de los dem\u00e1s.<\/p>\t\t\t\t\t\t<\/div>\n\t\t\t\t<\/div>\n\t\t\t\t<div class=\"elementor-element elementor-element-cab343f ob-harakiri-inherit ob-has-background-overlay elementor-widget elementor-widget-text-editor\" data-id=\"cab343f\" data-element_type=\"widget\" data-settings=\"{&quot;_ob_use_harakiri&quot;:&quot;yes&quot;,&quot;_ob_harakiri_writing_mode&quot;:&quot;inherit&quot;,&quot;_ob_postman_use&quot;:&quot;no&quot;,&quot;_ob_perspektive_use&quot;:&quot;no&quot;,&quot;_ob_poopart_use&quot;:&quot;yes&quot;,&quot;_ob_shadough_use&quot;:&quot;no&quot;,&quot;_ob_allow_hoveranimator&quot;:&quot;no&quot;,&quot;_ob_widget_stalker_use&quot;:&quot;no&quot;}\" data-widget_type=\"text-editor.default\">\n\t\t\t\t<div class=\"elementor-widget-container\">\n\t\t\t\t\t\t\t<p><strong>Todo ciudadano(a) tiene derecho a:<br \/><br \/><\/strong><\/p><p><strong>SOLICITAR:<\/strong>\u00a0informaci\u00f3n de cualquier \u00f3rgano del Estado Dominicano y de todas las sociedades an\u00f3nimas, compa\u00f1\u00edas an\u00f3nimas o compa\u00f1\u00edas por acciones con participaci\u00f3n estatal.<br \/><br \/><\/p><p><strong>RECIBIR:<\/strong>\u00a0informaci\u00f3n completa, veraz, adecuada y oportuna de cualquier \u00f3rgano del Estado Dominicano y de todas las sociedades an\u00f3nimas, compa\u00f1\u00edas an\u00f3nimas o compa\u00f1\u00edas por acciones con participaci\u00f3n estatal.<br \/><br \/><\/p><p><strong>ACCESO:<\/strong>\u00a0gratuito a la informaci\u00f3n en tanto que no requiera reproducci\u00f3n de la misma.<br \/><br \/><\/p><p><strong>SOLICITAR:<\/strong>\u00a0RECIBIR y DIFUNDIR informaciones pertenecientes a la administraci\u00f3n del Estado.<br \/><br \/><\/p><p><strong>CONOCER:<\/strong>\u00a0los proyectos de reglamentos y otras disposiciones de car\u00e1cter general que rigen las relaciones entre los particulares y la administraci\u00f3n.<br \/><br \/><\/p><p><strong>OBTENER:<\/strong>\u00a0informaci\u00f3n sobre los servicios que ofrece el Estado, requisitos, costos.<br \/><br \/><\/p><p><strong>SABER:<\/strong>\u00a0la estructura, integrantes, normativas de funcionamiento, proyectos, informes de gesti\u00f3n, y bases de datos de la administraci\u00f3n p\u00fablica.<br \/><br \/><\/p><p><strong>CONOCER:<\/strong>\u00a0sobre los presupuestos y c\u00e1lculos de recursos y gastos aprobados, su evoluci\u00f3n y estado de ejecuci\u00f3n.<br \/><br \/><\/p><p><strong>TENER:<\/strong>\u00a0informaci\u00f3n sobre los programas y proyectos, sus presupuestos, plazos, ejecuci\u00f3n y supervisi\u00f3n.<br \/><br \/><\/p><p><strong>ESTAR AL TANTO:<\/strong>\u00a0sobre las licitaciones, concursos, compras, gastos y resultados.<br \/><br \/><\/p><p><strong>ACCEDER:<\/strong>\u00a0a la n\u00f3mina del Estado y sus remuneraciones.<br \/><br \/><\/p><p><strong>CONOCER:<\/strong>\u00a0la declaraci\u00f3n jurada patrimonial de los funcionarios del Estado cuando su presentaci\u00f3n corresponda por ley.<br \/><br \/><\/p><p><strong>RECIBIR:<\/strong>\u00a0informaci\u00f3n sobre el listado de beneficiarios de programas asistenciales, subsidios, becas, jubilaciones, pensiones y retiros.<br \/><br \/><\/p><p><strong>SABER<\/strong> :sobre el estado de cuentas de la deuda p\u00fablica, sus vencimientos y pagos.<br \/><br \/><\/p><p><strong>BUSCAR:<\/strong>\u00a0las leyes, decretos, resoluciones, disposiciones, marcos regulatorios y cualquier tipo de normativa.<br \/><br \/><\/p><p><strong>SOLICITAR Y RECIBIR:<\/strong>\u00a0oportunamente cualquier tipo de documentaci\u00f3n financiera relativa al presupuesto p\u00fablico.<br \/><br \/><\/p><p>En cumplimiento a la Ley 200-04 y el Decreto 130-05, el acceso a la informaci\u00f3n se har\u00e1 efectivo siempre y cuando no afecte la seguridad nacional, el orden p\u00fablico, la salud o la moral p\u00fablica o el derecho a la privacidad e intimidad de un tercero o el derecho a la reputaci\u00f3n de los dem\u00e1s.<\/p>\t\t\t\t\t\t<\/div>\n\t\t\t\t<\/div>\n\t\t\t\t\t<\/div>\n\t\t<\/div>\n\t\t\t\t\t<\/div>\n\t\t<\/section>\n\t\t\t\t<\/div>\n\t\t","protected":false},"excerpt":{"rendered":"<p>Todo ciudadano(a) tiene derecho a: SOLICITAR\u00a0informaci\u00f3n de cualquier \u00f3rgano del Estado Dominicano y de todas las sociedades an\u00f3nimas, compa\u00f1\u00edas an\u00f3nimas o compa\u00f1\u00edas por acciones con participaci\u00f3n estatal. RECIBIR\u00a0informaci\u00f3n completa, veraz, adecuada y oportuna de cualquier \u00f3rgano del Estado Dominicano y de todas las sociedades an\u00f3nimas, compa\u00f1\u00edas an\u00f3nimas o compa\u00f1\u00edas por acciones con participaci\u00f3n estatal. ACCESO\u00a0gratuito [&hellip;]<\/p>\n","protected":false},"author":1,"featured_media":6651,"parent":0,"menu_order":0,"comment_status":"closed","ping_status":"closed","template":"","meta":{"footnotes":""},"class_list":["post-6104","page","type-page","status-publish","has-post-thumbnail","hentry"],"yoast_head":"<!-- This site is optimized with the Yoast SEO plugin v23.8 - https:\/\/yoast.com\/wordpress\/plugins\/seo\/ -->\n<title>Derechos de los Ciudadanos de Acceder a la Informaci\u00f3n P\u00fablica - Portal de Transparencia<\/title>\n<meta name=\"robots\" content=\"index, follow, max-snippet:-1, max-image-preview:large, max-video-preview:-1\" \/>\n<link rel=\"canonical\" href=\"https:\/\/certv.gob.do\/portal-transparencia\/derechos-de-los-ciudadanos-de-acceder-a-la-informacion-publica-2\/\" \/>\n<meta property=\"og:locale\" content=\"es_ES\" \/>\n<meta property=\"og:type\" content=\"article\" \/>\n<meta property=\"og:title\" content=\"Derechos de los Ciudadanos de Acceder a la Informaci\u00f3n P\u00fablica - Portal de Transparencia\" \/>\n<meta property=\"og:description\" content=\"Todo ciudadano(a) tiene derecho a: SOLICITAR\u00a0informaci\u00f3n de cualquier \u00f3rgano del Estado Dominicano y de todas las sociedades an\u00f3nimas, compa\u00f1\u00edas an\u00f3nimas o compa\u00f1\u00edas por acciones con participaci\u00f3n estatal. RECIBIR\u00a0informaci\u00f3n completa, veraz, adecuada y oportuna de cualquier \u00f3rgano del Estado Dominicano y de todas las sociedades an\u00f3nimas, compa\u00f1\u00edas an\u00f3nimas o compa\u00f1\u00edas por acciones con participaci\u00f3n estatal. ACCESO\u00a0gratuito [&hellip;]\" \/>\n<meta property=\"og:url\" content=\"https:\/\/certv.gob.do\/portal-transparencia\/derechos-de-los-ciudadanos-de-acceder-a-la-informacion-publica-2\/\" \/>\n<meta property=\"og:site_name\" content=\"Portal de Transparencia\" \/>\n<meta property=\"article:modified_time\" content=\"2024-08-21T16:19:05+00:00\" \/>\n<meta property=\"og:image\" content=\"https:\/\/certv.gob.do\/portal-transparencia\/wp-content\/uploads\/2023\/08\/miniatura-folder.png\" \/>\n\t<meta property=\"og:image:width\" content=\"1280\" \/>\n\t<meta property=\"og:image:height\" content=\"720\" \/>\n\t<meta property=\"og:image:type\" content=\"image\/png\" \/>\n<meta name=\"twitter:card\" content=\"summary_large_image\" \/>\n<meta name=\"twitter:label1\" content=\"Tiempo de lectura\" \/>\n\t<meta name=\"twitter:data1\" content=\"4 minutos\" \/>\n<script type=\"application\/ld+json\" class=\"yoast-schema-graph\">{\"@context\":\"https:\/\/schema.org\",\"@graph\":[{\"@type\":\"WebPage\",\"@id\":\"https:\/\/certv.gob.do\/portal-transparencia\/derechos-de-los-ciudadanos-de-acceder-a-la-informacion-publica-2\/\",\"url\":\"https:\/\/certv.gob.do\/portal-transparencia\/derechos-de-los-ciudadanos-de-acceder-a-la-informacion-publica-2\/\",\"name\":\"Derechos de los Ciudadanos de Acceder a la Informaci\u00f3n P\u00fablica - Portal de Transparencia\",\"isPartOf\":{\"@id\":\"https:\/\/certv.gob.do\/portal-transparencia\/#website\"},\"primaryImageOfPage\":{\"@id\":\"https:\/\/certv.gob.do\/portal-transparencia\/derechos-de-los-ciudadanos-de-acceder-a-la-informacion-publica-2\/#primaryimage\"},\"image\":{\"@id\":\"https:\/\/certv.gob.do\/portal-transparencia\/derechos-de-los-ciudadanos-de-acceder-a-la-informacion-publica-2\/#primaryimage\"},\"thumbnailUrl\":\"https:\/\/certv.gob.do\/portal-transparencia\/wp-content\/uploads\/2023\/08\/miniatura-folder.png\",\"datePublished\":\"2024-03-02T16:34:26+00:00\",\"dateModified\":\"2024-08-21T16:19:05+00:00\",\"breadcrumb\":{\"@id\":\"https:\/\/certv.gob.do\/portal-transparencia\/derechos-de-los-ciudadanos-de-acceder-a-la-informacion-publica-2\/#breadcrumb\"},\"inLanguage\":\"es\",\"potentialAction\":[{\"@type\":\"ReadAction\",\"target\":[\"https:\/\/certv.gob.do\/portal-transparencia\/derechos-de-los-ciudadanos-de-acceder-a-la-informacion-publica-2\/\"]}]},{\"@type\":\"ImageObject\",\"inLanguage\":\"es\",\"@id\":\"https:\/\/certv.gob.do\/portal-transparencia\/derechos-de-los-ciudadanos-de-acceder-a-la-informacion-publica-2\/#primaryimage\",\"url\":\"https:\/\/certv.gob.do\/portal-transparencia\/wp-content\/uploads\/2023\/08\/miniatura-folder.png\",\"contentUrl\":\"https:\/\/certv.gob.do\/portal-transparencia\/wp-content\/uploads\/2023\/08\/miniatura-folder.png\",\"width\":1280,\"height\":720},{\"@type\":\"BreadcrumbList\",\"@id\":\"https:\/\/certv.gob.do\/portal-transparencia\/derechos-de-los-ciudadanos-de-acceder-a-la-informacion-publica-2\/#breadcrumb\",\"itemListElement\":[{\"@type\":\"ListItem\",\"position\":1,\"name\":\"Inicio\",\"item\":\"https:\/\/certv.gob.do\/portal-transparencia\/\"},{\"@type\":\"ListItem\",\"position\":2,\"name\":\"Derechos de los Ciudadanos de Acceder a la Informaci\u00f3n P\u00fablica\"}]},{\"@type\":\"WebSite\",\"@id\":\"https:\/\/certv.gob.do\/portal-transparencia\/#website\",\"url\":\"https:\/\/certv.gob.do\/portal-transparencia\/\",\"name\":\"Portal de Transparencia\",\"description\":\"Portal de Transparencia\",\"publisher\":{\"@id\":\"https:\/\/certv.gob.do\/portal-transparencia\/#organization\"},\"alternateName\":\"Portal de Transparencia\",\"potentialAction\":[{\"@type\":\"SearchAction\",\"target\":{\"@type\":\"EntryPoint\",\"urlTemplate\":\"https:\/\/certv.gob.do\/portal-transparencia\/?s={search_term_string}\"},\"query-input\":{\"@type\":\"PropertyValueSpecification\",\"valueRequired\":true,\"valueName\":\"search_term_string\"}}],\"inLanguage\":\"es\"},{\"@type\":\"Organization\",\"@id\":\"https:\/\/certv.gob.do\/portal-transparencia\/#organization\",\"name\":\"Portal de Transparencia\",\"url\":\"https:\/\/certv.gob.do\/portal-transparencia\/\",\"logo\":{\"@type\":\"ImageObject\",\"inLanguage\":\"es\",\"@id\":\"https:\/\/certv.gob.do\/portal-transparencia\/#\/schema\/logo\/image\/\",\"url\":\"https:\/\/certv.gob.do\/portal-transparencia\/wp-content\/uploads\/2024\/08\/RTVD-LOGO-CORPORACION-ESTATAL-2-copia.svg\",\"contentUrl\":\"https:\/\/certv.gob.do\/portal-transparencia\/wp-content\/uploads\/2024\/08\/RTVD-LOGO-CORPORACION-ESTATAL-2-copia.svg\",\"width\":360,\"height\":104,\"caption\":\"Portal de Transparencia\"},\"image\":{\"@id\":\"https:\/\/certv.gob.do\/portal-transparencia\/#\/schema\/logo\/image\/\"}}]}<\/script>\n<!-- \/ Yoast SEO plugin. -->","yoast_head_json":{"title":"Derechos de los Ciudadanos de Acceder a la Informaci\u00f3n P\u00fablica - Portal de Transparencia","robots":{"index":"index","follow":"follow","max-snippet":"max-snippet:-1","max-image-preview":"max-image-preview:large","max-video-preview":"max-video-preview:-1"},"canonical":"https:\/\/certv.gob.do\/portal-transparencia\/derechos-de-los-ciudadanos-de-acceder-a-la-informacion-publica-2\/","og_locale":"es_ES","og_type":"article","og_title":"Derechos de los Ciudadanos de Acceder a la Informaci\u00f3n P\u00fablica - Portal de Transparencia","og_description":"Todo ciudadano(a) tiene derecho a: SOLICITAR\u00a0informaci\u00f3n de cualquier \u00f3rgano del Estado Dominicano y de todas las sociedades an\u00f3nimas, compa\u00f1\u00edas an\u00f3nimas o compa\u00f1\u00edas por acciones con participaci\u00f3n estatal. RECIBIR\u00a0informaci\u00f3n completa, veraz, adecuada y oportuna de cualquier \u00f3rgano del Estado Dominicano y de todas las sociedades an\u00f3nimas, compa\u00f1\u00edas an\u00f3nimas o compa\u00f1\u00edas por acciones con participaci\u00f3n estatal. ACCESO\u00a0gratuito [&hellip;]","og_url":"https:\/\/certv.gob.do\/portal-transparencia\/derechos-de-los-ciudadanos-de-acceder-a-la-informacion-publica-2\/","og_site_name":"Portal de Transparencia","article_modified_time":"2024-08-21T16:19:05+00:00","og_image":[{"width":1280,"height":720,"url":"https:\/\/certv.gob.do\/portal-transparencia\/wp-content\/uploads\/2023\/08\/miniatura-folder.png","type":"image\/png"}],"twitter_card":"summary_large_image","twitter_misc":{"Tiempo de lectura":"4 minutos"},"schema":{"@context":"https:\/\/schema.org","@graph":[{"@type":"WebPage","@id":"https:\/\/certv.gob.do\/portal-transparencia\/derechos-de-los-ciudadanos-de-acceder-a-la-informacion-publica-2\/","url":"https:\/\/certv.gob.do\/portal-transparencia\/derechos-de-los-ciudadanos-de-acceder-a-la-informacion-publica-2\/","name":"Derechos de los Ciudadanos de Acceder a la Informaci\u00f3n P\u00fablica - Portal de Transparencia","isPartOf":{"@id":"https:\/\/certv.gob.do\/portal-transparencia\/#website"},"primaryImageOfPage":{"@id":"https:\/\/certv.gob.do\/portal-transparencia\/derechos-de-los-ciudadanos-de-acceder-a-la-informacion-publica-2\/#primaryimage"},"image":{"@id":"https:\/\/certv.gob.do\/portal-transparencia\/derechos-de-los-ciudadanos-de-acceder-a-la-informacion-publica-2\/#primaryimage"},"thumbnailUrl":"https:\/\/certv.gob.do\/portal-transparencia\/wp-content\/uploads\/2023\/08\/miniatura-folder.png","datePublished":"2024-03-02T16:34:26+00:00","dateModified":"2024-08-21T16:19:05+00:00","breadcrumb":{"@id":"https:\/\/certv.gob.do\/portal-transparencia\/derechos-de-los-ciudadanos-de-acceder-a-la-informacion-publica-2\/#breadcrumb"},"inLanguage":"es","potentialAction":[{"@type":"ReadAction","target":["https:\/\/certv.gob.do\/portal-transparencia\/derechos-de-los-ciudadanos-de-acceder-a-la-informacion-publica-2\/"]}]},{"@type":"ImageObject","inLanguage":"es","@id":"https:\/\/certv.gob.do\/portal-transparencia\/derechos-de-los-ciudadanos-de-acceder-a-la-informacion-publica-2\/#primaryimage","url":"https:\/\/certv.gob.do\/portal-transparencia\/wp-content\/uploads\/2023\/08\/miniatura-folder.png","contentUrl":"https:\/\/certv.gob.do\/portal-transparencia\/wp-content\/uploads\/2023\/08\/miniatura-folder.png","width":1280,"height":720},{"@type":"BreadcrumbList","@id":"https:\/\/certv.gob.do\/portal-transparencia\/derechos-de-los-ciudadanos-de-acceder-a-la-informacion-publica-2\/#breadcrumb","itemListElement":[{"@type":"ListItem","position":1,"name":"Inicio","item":"https:\/\/certv.gob.do\/portal-transparencia\/"},{"@type":"ListItem","position":2,"name":"Derechos de los Ciudadanos de Acceder a la Informaci\u00f3n P\u00fablica"}]},{"@type":"WebSite","@id":"https:\/\/certv.gob.do\/portal-transparencia\/#website","url":"https:\/\/certv.gob.do\/portal-transparencia\/","name":"Portal de Transparencia","description":"Portal de Transparencia","publisher":{"@id":"https:\/\/certv.gob.do\/portal-transparencia\/#organization"},"alternateName":"Portal de Transparencia","potentialAction":[{"@type":"SearchAction","target":{"@type":"EntryPoint","urlTemplate":"https:\/\/certv.gob.do\/portal-transparencia\/?s={search_term_string}"},"query-input":{"@type":"PropertyValueSpecification","valueRequired":true,"valueName":"search_term_string"}}],"inLanguage":"es"},{"@type":"Organization","@id":"https:\/\/certv.gob.do\/portal-transparencia\/#organization","name":"Portal de Transparencia","url":"https:\/\/certv.gob.do\/portal-transparencia\/","logo":{"@type":"ImageObject","inLanguage":"es","@id":"https:\/\/certv.gob.do\/portal-transparencia\/#\/schema\/logo\/image\/","url":"https:\/\/certv.gob.do\/portal-transparencia\/wp-content\/uploads\/2024\/08\/RTVD-LOGO-CORPORACION-ESTATAL-2-copia.svg","contentUrl":"https:\/\/certv.gob.do\/portal-transparencia\/wp-content\/uploads\/2024\/08\/RTVD-LOGO-CORPORACION-ESTATAL-2-copia.svg","width":360,"height":104,"caption":"Portal de Transparencia"},"image":{"@id":"https:\/\/certv.gob.do\/portal-transparencia\/#\/schema\/logo\/image\/"}}]}},"_links":{"self":[{"href":"https:\/\/certv.gob.do\/portal-transparencia\/wp-json\/wp\/v2\/pages\/6104","targetHints":{"allow":["GET"]}}],"collection":[{"href":"https:\/\/certv.gob.do\/portal-transparencia\/wp-json\/wp\/v2\/pages"}],"about":[{"href":"https:\/\/certv.gob.do\/portal-transparencia\/wp-json\/wp\/v2\/types\/page"}],"author":[{"embeddable":true,"href":"https:\/\/certv.gob.do\/portal-transparencia\/wp-json\/wp\/v2\/users\/1"}],"replies":[{"embeddable":true,"href":"https:\/\/certv.gob.do\/portal-transparencia\/wp-json\/wp\/v2\/comments?post=6104"}],"version-history":[{"count":19,"href":"https:\/\/certv.gob.do\/portal-transparencia\/wp-json\/wp\/v2\/pages\/6104\/revisions"}],"predecessor-version":[{"id":6708,"href":"https:\/\/certv.gob.do\/portal-transparencia\/wp-json\/wp\/v2\/pages\/6104\/revisions\/6708"}],"wp:featuredmedia":[{"embeddable":true,"href":"https:\/\/certv.gob.do\/portal-transparencia\/wp-json\/wp\/v2\/media\/6651"}],"wp:attachment":[{"href":"https:\/\/certv.gob.do\/portal-transparencia\/wp-json\/wp\/v2\/media?parent=6104"}],"curies":[{"name":"wp","href":"https:\/\/api.w.org\/{rel}","templated":true}]}}